{"id":8669,"date":"2026-02-03T12:27:00","date_gmt":"2026-02-03T12:27:00","guid":{"rendered":"https:\/\/www.careplusportal.eu\/?post_type=product&#038;p=8669"},"modified":"2026-02-05T08:57:23","modified_gmt":"2026-02-05T08:57:23","slug":"skin-saver-hypochlorous-acid-spray-100ml","status":"publish","type":"product","link":"https:\/\/www.careplusportal.eu\/fr\/hygiene-fr\/accessoires-dhygiene\/skin-saver-hypochlorous-acid-spray-100ml\/","title":{"rendered":"Skin Saver Hypochlorous Acid spray 100ml"},"featured_media":8666,"template":"","categories":[127],"class_list":["post-8669","product","type-product","status-publish","has-post-thumbnail","hentry","category-accessoires-dhygiene"],"acf":[],"yoast_head":"<!-- This site is optimized with the Yoast SEO plugin v27.2 - https:\/\/yoast.com\/product\/yoast-seo-wordpress\/ -->\n<title>Skin Saver Hypochlorous Acid spray 100ml - Care Plus\u00ae portal<\/title>\n<meta name=\"description\" content=\"Hypochlorous Acid spray rafra\u00eechit, soigne et neutralise les odeurs de transpiration. Id\u00e9al apr\u00e8s l&#039;effort ou en voyage.\" \/>\n<meta name=\"robots\" content=\"noindex, follow, max-snippet:-1, max-image-preview:large, max-video-preview:-1\" \/>\n<meta property=\"og:locale\" content=\"fr_FR\" \/>\n<meta property=\"og:type\" content=\"article\" \/>\n<meta property=\"og:title\" content=\"Skin Saver Hypochlorous Acid spray 100ml - Care Plus\u00ae portal\" \/>\n<meta property=\"og:description\" content=\"Hypochlorous Acid spray rafra\u00eechit, soigne et neutralise les odeurs de transpiration. Id\u00e9al apr\u00e8s l&#039;effort ou en voyage.\" \/>\n<meta property=\"og:url\" content=\"https:\/\/www.careplusportal.eu\/fr\/hygiene-fr\/accessoires-dhygiene\/skin-saver-hypochlorous-acid-spray-100ml\/\" \/>\n<meta property=\"og:site_name\" content=\"Care Plus\u00ae portal\" \/>\n<meta property=\"article:modified_time\" content=\"2026-02-05T08:57:23+00:00\" \/>\n<meta property=\"og:image\" content=\"https:\/\/www.careplusportal.eu\/wp-content\/uploads\/2026\/02\/Care-Plus-Skin-Saver-spray-fles.jpg\" \/>\n\t<meta property=\"og:image:width\" content=\"262\" \/>\n\t<meta property=\"og:image:height\" content=\"603\" \/>\n\t<meta property=\"og:image:type\" content=\"image\/jpeg\" \/>\n<meta name=\"twitter:card\" content=\"summary_large_image\" \/>\n<meta name=\"twitter:label1\" content=\"Dur\u00e9e de lecture estim\u00e9e\" \/>\n\t<meta name=\"twitter:data1\" content=\"1 minute\" \/>\n<script type=\"application\/ld+json\" class=\"yoast-schema-graph\">{\"@context\":\"https:\/\/schema.org\",\"@graph\":[{\"@type\":\"WebPage\",\"@id\":\"https:\/\/www.careplusportal.eu\/fr\/hygiene-fr\/accessoires-dhygiene\/skin-saver-hypochlorous-acid-spray-100ml\/\",\"url\":\"https:\/\/www.careplusportal.eu\/fr\/hygiene-fr\/accessoires-dhygiene\/skin-saver-hypochlorous-acid-spray-100ml\/\",\"name\":\"Skin Saver Hypochlorous Acid spray 100ml - Care Plus\u00ae portal\",\"isPartOf\":{\"@id\":\"https:\/\/www.careplusportal.eu\/fr\/#website\"},\"primaryImageOfPage\":{\"@id\":\"https:\/\/www.careplusportal.eu\/fr\/hygiene-fr\/accessoires-dhygiene\/skin-saver-hypochlorous-acid-spray-100ml\/#primaryimage\"},\"image\":{\"@id\":\"https:\/\/www.careplusportal.eu\/fr\/hygiene-fr\/accessoires-dhygiene\/skin-saver-hypochlorous-acid-spray-100ml\/#primaryimage\"},\"thumbnailUrl\":\"https:\/\/www.careplusportal.eu\/wp-content\/uploads\/2026\/02\/Care-Plus-Skin-Saver-spray-fles.jpg\",\"datePublished\":\"2026-02-03T12:27:00+00:00\",\"dateModified\":\"2026-02-05T08:57:23+00:00\",\"description\":\"Hypochlorous Acid spray rafra\u00eechit, soigne et neutralise les odeurs de transpiration. Id\u00e9al apr\u00e8s l'effort ou en voyage.\",\"breadcrumb\":{\"@id\":\"https:\/\/www.careplusportal.eu\/fr\/hygiene-fr\/accessoires-dhygiene\/skin-saver-hypochlorous-acid-spray-100ml\/#breadcrumb\"},\"inLanguage\":\"fr-FR\",\"potentialAction\":[{\"@type\":\"ReadAction\",\"target\":[\"https:\/\/www.careplusportal.eu\/fr\/hygiene-fr\/accessoires-dhygiene\/skin-saver-hypochlorous-acid-spray-100ml\/\"]}]},{\"@type\":\"ImageObject\",\"inLanguage\":\"fr-FR\",\"@id\":\"https:\/\/www.careplusportal.eu\/fr\/hygiene-fr\/accessoires-dhygiene\/skin-saver-hypochlorous-acid-spray-100ml\/#primaryimage\",\"url\":\"https:\/\/www.careplusportal.eu\/wp-content\/uploads\/2026\/02\/Care-Plus-Skin-Saver-spray-fles.jpg\",\"contentUrl\":\"https:\/\/www.careplusportal.eu\/wp-content\/uploads\/2026\/02\/Care-Plus-Skin-Saver-spray-fles.jpg\",\"width\":262,\"height\":603},{\"@type\":\"BreadcrumbList\",\"@id\":\"https:\/\/www.careplusportal.eu\/fr\/hygiene-fr\/accessoires-dhygiene\/skin-saver-hypochlorous-acid-spray-100ml\/#breadcrumb\",\"itemListElement\":[{\"@type\":\"ListItem\",\"position\":1,\"name\":\"Home\",\"item\":\"https:\/\/www.careplusportal.eu\/fr\/\"},{\"@type\":\"ListItem\",\"position\":2,\"name\":\"Products\",\"item\":\"https:\/\/www.careplusportal.eu\/fr\/product\/\"},{\"@type\":\"ListItem\",\"position\":3,\"name\":\"Hygi\u00e8ne\",\"item\":\"https:\/\/www.careplusportal.eu\/fr\/hygiene-fr\/\"},{\"@type\":\"ListItem\",\"position\":4,\"name\":\"Accessoires d'hygi\u00e8ne\",\"item\":\"https:\/\/www.careplusportal.eu\/fr\/hygiene-fr\/accessoires-dhygiene\/\"},{\"@type\":\"ListItem\",\"position\":5,\"name\":\"Skin Saver Hypochlorous Acid spray 100ml\"}]},{\"@type\":\"WebSite\",\"@id\":\"https:\/\/www.careplusportal.eu\/fr\/#website\",\"url\":\"https:\/\/www.careplusportal.eu\/fr\/\",\"name\":\"Care Plus\u00ae portal\",\"description\":\"marketing assets and downloads\",\"potentialAction\":[{\"@type\":\"SearchAction\",\"target\":{\"@type\":\"EntryPoint\",\"urlTemplate\":\"https:\/\/www.careplusportal.eu\/fr\/?s={search_term_string}\"},\"query-input\":{\"@type\":\"PropertyValueSpecification\",\"valueRequired\":true,\"valueName\":\"search_term_string\"}}],\"inLanguage\":\"fr-FR\"}]}<\/script>\n<!-- \/ Yoast SEO plugin. -->","yoast_head_json":{"title":"Skin Saver Hypochlorous Acid spray 100ml - Care Plus\u00ae portal","description":"Hypochlorous Acid spray rafra\u00eechit, soigne et neutralise les odeurs de transpiration. Id\u00e9al apr\u00e8s l'effort ou en voyage.","robots":{"index":"noindex","follow":"follow","max-snippet":"max-snippet:-1","max-image-preview":"max-image-preview:large","max-video-preview":"max-video-preview:-1"},"og_locale":"fr_FR","og_type":"article","og_title":"Skin Saver Hypochlorous Acid spray 100ml - Care Plus\u00ae portal","og_description":"Hypochlorous Acid spray rafra\u00eechit, soigne et neutralise les odeurs de transpiration. Id\u00e9al apr\u00e8s l'effort ou en voyage.","og_url":"https:\/\/www.careplusportal.eu\/fr\/hygiene-fr\/accessoires-dhygiene\/skin-saver-hypochlorous-acid-spray-100ml\/","og_site_name":"Care Plus\u00ae portal","article_modified_time":"2026-02-05T08:57:23+00:00","og_image":[{"width":262,"height":603,"url":"https:\/\/www.careplusportal.eu\/wp-content\/uploads\/2026\/02\/Care-Plus-Skin-Saver-spray-fles.jpg","type":"image\/jpeg"}],"twitter_card":"summary_large_image","twitter_misc":{"Dur\u00e9e de lecture estim\u00e9e":"1 minute"},"schema":{"@context":"https:\/\/schema.org","@graph":[{"@type":"WebPage","@id":"https:\/\/www.careplusportal.eu\/fr\/hygiene-fr\/accessoires-dhygiene\/skin-saver-hypochlorous-acid-spray-100ml\/","url":"https:\/\/www.careplusportal.eu\/fr\/hygiene-fr\/accessoires-dhygiene\/skin-saver-hypochlorous-acid-spray-100ml\/","name":"Skin Saver Hypochlorous Acid spray 100ml - Care Plus\u00ae portal","isPartOf":{"@id":"https:\/\/www.careplusportal.eu\/fr\/#website"},"primaryImageOfPage":{"@id":"https:\/\/www.careplusportal.eu\/fr\/hygiene-fr\/accessoires-dhygiene\/skin-saver-hypochlorous-acid-spray-100ml\/#primaryimage"},"image":{"@id":"https:\/\/www.careplusportal.eu\/fr\/hygiene-fr\/accessoires-dhygiene\/skin-saver-hypochlorous-acid-spray-100ml\/#primaryimage"},"thumbnailUrl":"https:\/\/www.careplusportal.eu\/wp-content\/uploads\/2026\/02\/Care-Plus-Skin-Saver-spray-fles.jpg","datePublished":"2026-02-03T12:27:00+00:00","dateModified":"2026-02-05T08:57:23+00:00","description":"Hypochlorous Acid spray rafra\u00eechit, soigne et neutralise les odeurs de transpiration. Id\u00e9al apr\u00e8s l'effort ou en voyage.","breadcrumb":{"@id":"https:\/\/www.careplusportal.eu\/fr\/hygiene-fr\/accessoires-dhygiene\/skin-saver-hypochlorous-acid-spray-100ml\/#breadcrumb"},"inLanguage":"fr-FR","potentialAction":[{"@type":"ReadAction","target":["https:\/\/www.careplusportal.eu\/fr\/hygiene-fr\/accessoires-dhygiene\/skin-saver-hypochlorous-acid-spray-100ml\/"]}]},{"@type":"ImageObject","inLanguage":"fr-FR","@id":"https:\/\/www.careplusportal.eu\/fr\/hygiene-fr\/accessoires-dhygiene\/skin-saver-hypochlorous-acid-spray-100ml\/#primaryimage","url":"https:\/\/www.careplusportal.eu\/wp-content\/uploads\/2026\/02\/Care-Plus-Skin-Saver-spray-fles.jpg","contentUrl":"https:\/\/www.careplusportal.eu\/wp-content\/uploads\/2026\/02\/Care-Plus-Skin-Saver-spray-fles.jpg","width":262,"height":603},{"@type":"BreadcrumbList","@id":"https:\/\/www.careplusportal.eu\/fr\/hygiene-fr\/accessoires-dhygiene\/skin-saver-hypochlorous-acid-spray-100ml\/#breadcrumb","itemListElement":[{"@type":"ListItem","position":1,"name":"Home","item":"https:\/\/www.careplusportal.eu\/fr\/"},{"@type":"ListItem","position":2,"name":"Products","item":"https:\/\/www.careplusportal.eu\/fr\/product\/"},{"@type":"ListItem","position":3,"name":"Hygi\u00e8ne","item":"https:\/\/www.careplusportal.eu\/fr\/hygiene-fr\/"},{"@type":"ListItem","position":4,"name":"Accessoires d'hygi\u00e8ne","item":"https:\/\/www.careplusportal.eu\/fr\/hygiene-fr\/accessoires-dhygiene\/"},{"@type":"ListItem","position":5,"name":"Skin Saver Hypochlorous Acid spray 100ml"}]},{"@type":"WebSite","@id":"https:\/\/www.careplusportal.eu\/fr\/#website","url":"https:\/\/www.careplusportal.eu\/fr\/","name":"Care Plus\u00ae portal","description":"marketing assets and downloads","potentialAction":[{"@type":"SearchAction","target":{"@type":"EntryPoint","urlTemplate":"https:\/\/www.careplusportal.eu\/fr\/?s={search_term_string}"},"query-input":{"@type":"PropertyValueSpecification","valueRequired":true,"valueName":"search_term_string"}}],"inLanguage":"fr-FR"}]}},"_links":{"self":[{"href":"https:\/\/www.careplusportal.eu\/fr\/wp-json\/wp\/v2\/product\/8669","targetHints":{"allow":["GET"]}}],"collection":[{"href":"https:\/\/www.careplusportal.eu\/fr\/wp-json\/wp\/v2\/product"}],"about":[{"href":"https:\/\/www.careplusportal.eu\/fr\/wp-json\/wp\/v2\/types\/product"}],"wp:featuredmedia":[{"embeddable":true,"href":"https:\/\/www.careplusportal.eu\/fr\/wp-json\/wp\/v2\/media\/8666"}],"wp:attachment":[{"href":"https:\/\/www.careplusportal.eu\/fr\/wp-json\/wp\/v2\/media?parent=8669"}],"wp:term":[{"taxonomy":"category","embeddable":true,"href":"https:\/\/www.careplusportal.eu\/fr\/wp-json\/wp\/v2\/categories?post=8669"}],"curies":[{"name":"wp","href":"https:\/\/api.w.org\/{rel}","templated":true}]}}